{"id":360,"date":"2017-09-02T02:53:00","date_gmt":"2017-09-02T06:53:00","guid":{"rendered":"http:\/\/192.168.1.104\/restaurant\/?page_id=9"},"modified":"2024-07-28T16:17:43","modified_gmt":"2024-07-28T14:17:43","slug":"welcome","status":"publish","type":"page","link":"https:\/\/www.ahoiurbanbeach.com\/es\/","title":{"rendered":"AHOI! Urban Beach"},"content":{"rendered":"\n<style type=\"text\/css\" data-created_by=\"avia_inline_auto\" id=\"style-css-av-8a62o-46521d79c6bd8f436f42d2716ff6db68\">\n.avia-section.av-8a62o-46521d79c6bd8f436f42d2716ff6db68 .av-parallax .av-parallax-inner{\nbackground-repeat:no-repeat;\nbackground-image:url(https:\/\/www.ahoiurbanbeach.com\/wp-content\/uploads\/2024\/07\/platja_de_palma.jpg);\nbackground-position:50% 50%;\nbackground-attachment:scroll;\n}\n<\/style>\n<div id='av_section_1'  class='avia-section av-8a62o-46521d79c6bd8f436f42d2716ff6db68 main_color avia-section-default avia-no-shadow  avia-builder-el-0  el_before_av_section  avia-builder-el-first  avia-full-stretch av-parallax-section avia-bg-style-parallax av-minimum-height av-minimum-height-custom av-height-custom  container_wrap sidebar_right'  data-section-bg-repeat='stretch' data-av_minimum_height_px='600'><div class='av-parallax' data-avia-parallax-ratio='0.3' ><div class='av-parallax-inner main_color avia-full-stretch'><\/div><\/div><div class='container av-section-cont-open' style='height:600px'><main  role=\"main\" itemprop=\"mainContentOfPage\"  class='template-page content  av-content-small alpha units'><div class='post-entry post-entry-type-page post-entry-360'><div class='entry-content-wrapper clearfix'>\n\n<style type=\"text\/css\" data-created_by=\"avia_inline_auto\" id=\"style-css-av-lz5mls5u-f58f07e8cff83779d49045d9f0c8d62f\">\n#top .av-special-heading.av-lz5mls5u-f58f07e8cff83779d49045d9f0c8d62f{\npadding-bottom:0;\ncolor:#ffffff;\nfont-size:60px;\n}\nbody .av-special-heading.av-lz5mls5u-f58f07e8cff83779d49045d9f0c8d62f .av-special-heading-tag .heading-char{\nfont-size:25px;\n}\n#top #wrap_all .av-special-heading.av-lz5mls5u-f58f07e8cff83779d49045d9f0c8d62f .av-special-heading-tag{\nfont-size:60px;\n}\n.av-special-heading.av-lz5mls5u-f58f07e8cff83779d49045d9f0c8d62f .special-heading-inner-border{\nborder-color:#ffffff;\n}\n.av-special-heading.av-lz5mls5u-f58f07e8cff83779d49045d9f0c8d62f .av-subheading{\nfont-size:18px;\n}\n\n@media only screen and (min-width: 480px) and (max-width: 767px){ \n#top #wrap_all .av-special-heading.av-lz5mls5u-f58f07e8cff83779d49045d9f0c8d62f .av-special-heading-tag{\nfont-size:0.8em;\n}\n}\n\n@media only screen and (max-width: 479px){ \n#top #wrap_all .av-special-heading.av-lz5mls5u-f58f07e8cff83779d49045d9f0c8d62f .av-special-heading-tag{\nfont-size:0.8em;\n}\n}\n<\/style>\n<div  class='av-special-heading av-lz5mls5u-f58f07e8cff83779d49045d9f0c8d62f av-special-heading-h1 custom-color-heading blockquote modern-quote  avia-builder-el-1  avia-builder-el-no-sibling  av-thin-font av-inherit-size'><h1 class='av-special-heading-tag '  itemprop=\"headline\"  >Bienvenido a <strong>AHOI! Urban Beach<\/strong><\/h1><div class='av_custom_color av-subheading av-subheading_below'><p>El hotel para tus momentos en Mallorca<br \/>\n<strong><a href=\"https:\/\/www.ahoiurbanbeach.com\/reserva\">Reserva Ya<\/a><\/strong><\/p>\n<\/div><div class=\"special-heading-border\"><div class=\"special-heading-inner-border\"><\/div><\/div><\/div>\n\n<\/div><\/div><\/main><!-- close content main element --><\/div><\/div>\n<style type=\"text\/css\" data-created_by=\"avia_inline_auto\" id=\"style-css-av-25de74-9c888ce6b99c31f2a5fd315689205e35\">\n.avia-section.av-25de74-9c888ce6b99c31f2a5fd315689205e35{\nbackground-repeat:no-repeat;\nbackground-image:url(https:\/\/www.ahoiurbanbeach.com\/wp-content\/uploads\/2014\/07\/fruit_bg.jpg);\nbackground-position:100% 100%;\nbackground-attachment:scroll;\n}\n<\/style>\n<div id='av_section_2'  class='avia-section av-25de74-9c888ce6b99c31f2a5fd315689205e35 main_color avia-section-large avia-no-border-styling  avia-builder-el-2  el_after_av_section  avia-builder-el-last  avia-bg-style-scroll container_wrap sidebar_right'  data-section-bg-repeat='no-repeat'><div class='container av-section-cont-open' ><div class='template-page content  av-content-small alpha units'><div class='post-entry post-entry-type-page post-entry-360'><div class='entry-content-wrapper clearfix'>\n<div  class='flex_column av-1yynvc-5d6d817f575f7608607d36e97d3a3b81 av_two_third  avia-builder-el-3  el_before_av_one_third  avia-builder-el-first  first flex_column_div  '     ><div  class='avia-slideshow av-lz5mm5vw-673184b66fbd014d186e3d5f7922db66 avia-slideshow-magazine av_slideshow avia-fade-slider  avia-builder-el-4  avia-builder-el-no-sibling  av-slideshow-ui av-control-default av-slideshow-autoplay av-loop-endless av-loop-manual-endless av-default-height-applied avia-slideshow-1' data-slideshow-options=\"{&quot;animation&quot;:&quot;fade&quot;,&quot;autoplay&quot;:true,&quot;loop_autoplay&quot;:&quot;endless&quot;,&quot;interval&quot;:5,&quot;loop_manual&quot;:&quot;manual-endless&quot;,&quot;autoplay_stopper&quot;:false,&quot;noNavigation&quot;:false,&quot;bg_slider&quot;:false,&quot;keep_padding&quot;:false,&quot;hoverpause&quot;:false,&quot;show_slide_delay&quot;:0}\"  itemprop=\"image\" itemscope=\"itemscope\" itemtype=\"https:\/\/schema.org\/ImageObject\" ><ul class='avia-slideshow-inner ' style='padding-bottom: 52.816901408451%;'><li  class='avia-slideshow-slide av-lz5mm5vw-673184b66fbd014d186e3d5f7922db66__0  slide-1 slide-odd'><div data-rel='slideshow-1' class='avia-slide-wrap '   ><img decoding=\"async\" fetchpriority=\"high\" class=\"wp-image-1002 avia-img-lazy-loading-not-1002\"  src=\"https:\/\/www.ahoiurbanbeach.com\/wp-content\/uploads\/2024\/07\/entrance-710x375.jpg\" width=\"710\" height=\"375\" title='entrance' alt=''  itemprop=\"thumbnailUrl\"   \/><\/div><\/li><li  class='avia-slideshow-slide av-lz5mm5vw-673184b66fbd014d186e3d5f7922db66__1  slide-2 slide-even'><div data-rel='slideshow-1' class='avia-slide-wrap '   ><img decoding=\"async\" fetchpriority=\"high\" class=\"wp-image-1010 avia-img-lazy-loading-not-1010\"  src=\"https:\/\/www.ahoiurbanbeach.com\/wp-content\/uploads\/2024\/07\/restaurant-710x375.jpg\" width=\"710\" height=\"375\" title='restaurant' alt=''  itemprop=\"thumbnailUrl\"   \/><\/div><\/li><li  class='avia-slideshow-slide av-lz5mm5vw-673184b66fbd014d186e3d5f7922db66__2  slide-3 slide-odd'><div data-rel='slideshow-1' class='avia-slide-wrap '   ><img decoding=\"async\" fetchpriority=\"high\" class=\"wp-image-996 avia-img-lazy-loading-not-996\"  src=\"https:\/\/www.ahoiurbanbeach.com\/wp-content\/uploads\/2024\/07\/comedor-710x375.jpg\" width=\"710\" height=\"375\" title='comedor' alt=''  itemprop=\"thumbnailUrl\"   \/><\/div><\/li><\/ul><div class='avia-slideshow-arrows avia-slideshow-controls' ><a href='#prev' class='prev-slide ' aria-hidden='true' data-av_icon='\ue87c' data-av_iconfont='entypo-fontello'  tabindex='-1'>Anterior<\/a><a href='#next' class='next-slide ' aria-hidden='true' data-av_icon='\ue87d' data-av_iconfont='entypo-fontello'  tabindex='-1'>Posterior<\/a><\/div><div class='avia-slideshow-dots avia-slideshow-controls'><a href='#1' class='goto-slide active' >1<\/a><a href='#2' class='goto-slide ' >2<\/a><a href='#3' class='goto-slide ' >3<\/a><\/div><\/div><\/div>\n<style type=\"text\/css\" data-created_by=\"avia_inline_auto\" id=\"style-css-av-4poaw-cc3ac6a3dcda80d44bc97cd388af4fc8\">\n.flex_column.av-4poaw-cc3ac6a3dcda80d44bc97cd388af4fc8{\nborder-radius:0px 0px 0px 0px;\npadding:0px 0px 0px 0px;\n}\n<\/style>\n<div  class='flex_column av-4poaw-cc3ac6a3dcda80d44bc97cd388af4fc8 av_one_third  avia-builder-el-5  el_after_av_two_third  el_before_av_one_half  flex_column_div av-zero-column-padding  '     ><p>\n<style type=\"text\/css\" data-created_by=\"avia_inline_auto\" id=\"style-css-av-lz5mmss1-8ae0d53507f4cae546b0a3f28c7c5b0f\">\n#top .av-special-heading.av-lz5mmss1-8ae0d53507f4cae546b0a3f28c7c5b0f{\npadding-bottom:0;\n}\nbody .av-special-heading.av-lz5mmss1-8ae0d53507f4cae546b0a3f28c7c5b0f .av-special-heading-tag .heading-char{\nfont-size:25px;\n}\n.av-special-heading.av-lz5mmss1-8ae0d53507f4cae546b0a3f28c7c5b0f .av-subheading{\nfont-size:15px;\n}\n<\/style>\n<div  class='av-special-heading av-lz5mmss1-8ae0d53507f4cae546b0a3f28c7c5b0f av-special-heading-h2 blockquote modern-quote  avia-builder-el-6  el_before_av_hr  avia-builder-el-first  av-thin-font'><h2 class='av-special-heading-tag '  itemprop=\"headline\"  >C\u00e9ntrico hotel a tan solo <strong>4min de la playa<\/strong><\/h2><div class='av-subheading av-subheading_below'><p>Est\u00e1s a un solo click de vivir Palma de Mallorca!<\/p>\n<\/div><div class=\"special-heading-border\"><div class=\"special-heading-inner-border\"><\/div><\/div><\/div><br \/>\n\n<style type=\"text\/css\" data-created_by=\"avia_inline_auto\" id=\"style-css-av-1483g8-e9147a026e51b8e23f43a2fdd9a84da2\">\n#top .hr.hr-invisible.av-1483g8-e9147a026e51b8e23f43a2fdd9a84da2{\nheight:1px;\n}\n<\/style>\n<div  class='hr av-1483g8-e9147a026e51b8e23f43a2fdd9a84da2 hr-invisible  avia-builder-el-7  el_after_av_heading  el_before_av_textblock '><span class='hr-inner '><span class=\"hr-inner-style\"><\/span><\/span><\/div><br \/>\n<section  class='av_textblock_section av-lz5mnqxi-cbcc9add7ca3692868c6cd9ac7f0e6eb '   itemscope=\"itemscope\" itemtype=\"https:\/\/schema.org\/CreativeWork\" ><div class='avia_textblock'  itemprop=\"text\" ><p>El <strong>AHOI! Urban Beach<\/strong> ofrece una buena relaci\u00f3n calidad precio y goza de una ubicaci\u00f3n ideal para ir a la Playa. Ofrece habitaciones luminosas con aire acondicionado, conexi\u00f3n Wi-Fi gratuita, TV y ba\u00f1o privado.<\/p>\n<div>\n<ul>\n<li>Vive una experiencia \u00fanica: calidad, servicio, <strong>compromiso<\/strong>.<\/li>\n<li>Muchas opciones para alojarse (habitaciones individuales, dobles, triples, etc&#8230;).<\/li>\n<li>Relaci\u00f3n calidad\/precio inmejorable.<\/li>\n<\/ul>\n<\/div>\n<p>Para que disfrutes de una <strong>experiencia diferente<\/strong>.<\/p>\n<\/div><\/section><br \/>\n<div  class='avia-button-wrap av-ue5xs-22577eac14b731adc6eed4288e9c6588-wrap avia-button-center  avia-builder-el-9  el_after_av_textblock  avia-builder-el-last '><a href='https:\/\/www.ahoiurbanbeach.com\/reserva'  class='avia-button av-ue5xs-22577eac14b731adc6eed4288e9c6588 av-link-btn avia-icon_select-yes-left-icon avia-size-small avia-position-center avia-color-theme-color'   aria-label=\"Reserva Ya\"><span class='avia_button_icon avia_button_icon_left' aria-hidden='true' data-av_icon='\ue85b' data-av_iconfont='entypo-fontello'><\/span><span class='avia_iconbox_title' >Reserva Ya<\/span><\/a><\/div><\/p><\/div><div  class='flex_column av-ql0fs-70bbb16f47e71eb094b988a47992a590 av_one_half  avia-builder-el-10  el_after_av_one_third  el_before_av_one_half  first flex_column_div  column-top-margin'     ><p>\n<style type=\"text\/css\" data-created_by=\"avia_inline_auto\" id=\"style-css-av-lz5mo2lx-0c6b544ebbc8979194bcaafd413dc6a4\">\n.avia-image-container.av-lz5mo2lx-0c6b544ebbc8979194bcaafd413dc6a4 img.avia_image{\nbox-shadow:none;\n}\n.avia-image-container.av-lz5mo2lx-0c6b544ebbc8979194bcaafd413dc6a4 .av-caption-image-overlay-bg{\nopacity:0.4;\nbackground-color:#000000;\n}\n.avia-image-container.av-lz5mo2lx-0c6b544ebbc8979194bcaafd413dc6a4 .av-image-caption-overlay-center{\ncolor:#ffffff;\nfont-size:20px;\n}\n<\/style>\n<div  class='avia-image-container av-lz5mo2lx-0c6b544ebbc8979194bcaafd413dc6a4 av-styling- av-img-linked avia_animated_image av-animated-when-visible-95 pop-up avia-align-center  avia-builder-el-11  el_before_av_icon_box  avia-builder-el-first  noHover av-overlay-on-hover'   itemprop=\"image\" itemscope=\"itemscope\" itemtype=\"https:\/\/schema.org\/ImageObject\" ><div class=\"avia-image-container-inner\"><div class=\"avia-image-overlay-wrap\"><a href=\"https:\/\/www.ahoiurbanbeach.com\/es\/descubre\/\" class='avia_image '  aria-label='entrance'><div class=\"av-image-caption-overlay\"><div class=\"av-caption-image-overlay-bg\"><\/div><div class=\"av-image-caption-overlay-position\"><div class=\"av-image-caption-overlay-center\"><p>M\u00e1s info&#8230;.<\/p>\n<\/div><\/div><\/div><img decoding=\"async\" fetchpriority=\"high\" class='wp-image-1002 avia-img-lazy-loading-not-1002 avia_image ' src=\"https:\/\/www.ahoiurbanbeach.com\/wp-content\/uploads\/2024\/07\/entrance-845x684.jpg\" alt='' title='entrance'  height=\"684\" width=\"845\"  itemprop=\"thumbnailUrl\" srcset=\"https:\/\/www.ahoiurbanbeach.com\/wp-content\/uploads\/2024\/07\/entrance-845x684.jpg 845w, https:\/\/www.ahoiurbanbeach.com\/wp-content\/uploads\/2024\/07\/entrance-495x400.jpg 495w\" sizes=\"(max-width: 845px) 100vw, 845px\" \/><\/a><\/div><\/div><\/div><br \/>\n<article  class='iconbox iconbox_left av-jnm1k-f64cdda7fce33ae5587997f606273517  avia-builder-el-12  el_after_av_image  avia-builder-el-last '  itemscope=\"itemscope\" itemtype=\"https:\/\/schema.org\/CreativeWork\" ><div class=\"iconbox_content\"><header class=\"entry-content-header\"><div class=\"iconbox_icon heading-color\" aria-hidden='true' data-av_icon='\ue808' data-av_iconfont='entypo-fontello'><\/div><h3 class='iconbox_content_title '  itemprop=\"headline\" ><a href='https:\/\/www.ahoiurbanbeach.com\/es\/descubre\/' title='DESCUBRE EL HOTEL'  >DESCUBRE EL HOTEL<\/a><\/h3><\/header><div class='iconbox_content_container '  itemprop=\"text\" ><p>Descubre el hotel.<\/p>\n<p><a href=\"https:\/\/www.ahoiurbanbeach.com\/descubre\/\"><strong>M\u00e1s info -><\/strong><\/a><\/p>\n<\/div><\/div><footer class=\"entry-footer\"><\/footer><\/article><\/p><\/div>\n<style type=\"text\/css\" data-created_by=\"avia_inline_auto\" id=\"style-css-av-hhleg-352f64829375dc9832dcb49518efc861\">\n.flex_column.av-hhleg-352f64829375dc9832dcb49518efc861{\nborder-radius:0px 0px 0px 0px;\npadding:0px 0px 0px 0px;\n}\n<\/style>\n<div  class='flex_column av-hhleg-352f64829375dc9832dcb49518efc861 av_one_half  avia-builder-el-13  el_after_av_one_half  avia-builder-el-last  flex_column_div av-zero-column-padding  column-top-margin'     ><p>\n<style type=\"text\/css\" data-created_by=\"avia_inline_auto\" id=\"style-css-av-lz5mobfc-68a7e8bf33f0b767cb223b58525b356d\">\n.avia-image-container.av-lz5mobfc-68a7e8bf33f0b767cb223b58525b356d img.avia_image{\nbox-shadow:none;\n}\n.avia-image-container.av-lz5mobfc-68a7e8bf33f0b767cb223b58525b356d .av-caption-image-overlay-bg{\nopacity:0.4;\nbackground-color:#000000;\n}\n.avia-image-container.av-lz5mobfc-68a7e8bf33f0b767cb223b58525b356d .av-image-caption-overlay-center{\ncolor:#ffffff;\nfont-size:20px;\n}\n<\/style>\n<div  class='avia-image-container av-lz5mobfc-68a7e8bf33f0b767cb223b58525b356d av-styling- av-img-linked avia_animated_image av-animated-when-visible-95 pop-up avia-align-center  avia-builder-el-14  el_before_av_icon_box  avia-builder-el-first  noHover av-overlay-on-hover'   itemprop=\"image\" itemscope=\"itemscope\" itemtype=\"https:\/\/schema.org\/ImageObject\" ><div class=\"avia-image-container-inner\"><div class=\"avia-image-overlay-wrap\"><a href=\"https:\/\/www.ahoiurbanbeach.com\/es\/habitaciones\/\" class='avia_image '  aria-label='triple2'><div class=\"av-image-caption-overlay\"><div class=\"av-caption-image-overlay-bg\"><\/div><div class=\"av-image-caption-overlay-position\"><div class=\"av-image-caption-overlay-center\"><p>M\u00e1s info&#8230;.<\/p>\n<\/div><\/div><\/div><img decoding=\"async\" fetchpriority=\"high\" class='wp-image-1016 avia-img-lazy-loading-not-1016 avia_image ' src=\"https:\/\/www.ahoiurbanbeach.com\/wp-content\/uploads\/2024\/07\/triple2-845x684.jpg\" alt='' title='triple2'  height=\"684\" width=\"845\"  itemprop=\"thumbnailUrl\" srcset=\"https:\/\/www.ahoiurbanbeach.com\/wp-content\/uploads\/2024\/07\/triple2-845x684.jpg 845w, https:\/\/www.ahoiurbanbeach.com\/wp-content\/uploads\/2024\/07\/triple2-495x400.jpg 495w\" sizes=\"(max-width: 845px) 100vw, 845px\" \/><\/a><\/div><\/div><\/div><br \/>\n<article  class='iconbox iconbox_left av-a2sgo-796f0da43b4c60cb7c70e164114934c8  avia-builder-el-15  el_after_av_image  avia-builder-el-last '  itemscope=\"itemscope\" itemtype=\"https:\/\/schema.org\/CreativeWork\" ><div class=\"iconbox_content\"><header class=\"entry-content-header\"><div class=\"iconbox_icon heading-color\" aria-hidden='true' data-av_icon='\ue808' data-av_iconfont='entypo-fontello'><\/div><h3 class='iconbox_content_title '  itemprop=\"headline\" ><a href='https:\/\/www.ahoiurbanbeach.com\/es\/habitaciones\/' title='HABITACIONES'  >HABITACIONES<\/a><\/h3><\/header><div class='iconbox_content_container '  itemprop=\"text\" ><p>Muchas configuraciones disponibles.<\/p>\n<p><a href=\"https:\/\/www.ahoiurbanbeach.com\/habitaciones\/\"><strong>M\u00e1s info -><\/strong><\/a><\/p>\n<\/div><\/div><footer class=\"entry-footer\"><\/footer><\/article><\/p><\/div>\n<\/div><\/div><\/div><!-- close content main div --><\/div><\/div><div id='after_section_2'  class='main_color av_default_container_wrap container_wrap sidebar_right'  ><div class='container av-section-cont-open' ><div class='template-page content  av-content-small alpha units'><div class='post-entry post-entry-type-page post-entry-360'><div class='entry-content-wrapper clearfix'>\n","protected":false},"excerpt":{"rendered":"","protected":false},"author":1,"featured_media":0,"parent":0,"menu_order":0,"comment_status":"open","ping_status":"open","template":"","meta":{"footnotes":""},"yoast_head":"<!-- This site is optimized with the Yoast SEO plugin v23.1 - https:\/\/yoast.com\/wordpress\/plugins\/seo\/ -->\n<title>AHOI! Urban Beach - Palma de Mallorca<\/title>\n<meta name=\"description\" content=\"AHOI! Urban Beach: tu \u2b50hotel\u2b50 en Mallorca. Situado a tan solo 4 min de Playa de Palma. La calidad te espera &gt;&gt;&gt;\" \/>\n<meta name=\"robots\" content=\"index, follow, max-snippet:-1, max-image-preview:large, max-video-preview:-1\" \/>\n<link rel=\"canonical\" href=\"https:\/\/www.ahoiurbanbeach.com\/es\/\" \/>\n<meta property=\"og:locale\" content=\"es_ES\" \/>\n<meta property=\"og:type\" content=\"article\" \/>\n<meta property=\"og:title\" content=\"AHOI! Urban Beach - Palma de Mallorca\" \/>\n<meta property=\"og:description\" content=\"AHOI! Urban Beach: tu \u2b50hotel\u2b50 en Mallorca. Situado a tan solo 4 min de Playa de Palma. La calidad te espera &gt;&gt;&gt;\" \/>\n<meta property=\"og:url\" content=\"https:\/\/www.ahoiurbanbeach.com\/es\/\" \/>\n<meta property=\"og:site_name\" content=\"AHOI! Urban Beach, Palma de Mallorca\" \/>\n<meta property=\"article:modified_time\" content=\"2024-07-28T14:17:43+00:00\" \/>\n<meta name=\"twitter:card\" content=\"summary_large_image\" \/>\n<meta name=\"twitter:label1\" content=\"Tiempo de lectura\" \/>\n\t<meta name=\"twitter:data1\" content=\"2 minutos\" \/>\n<script type=\"application\/ld+json\" class=\"yoast-schema-graph\">{\"@context\":\"https:\/\/schema.org\",\"@graph\":[{\"@type\":\"WebPage\",\"@id\":\"https:\/\/www.ahoiurbanbeach.com\/es\/\",\"url\":\"https:\/\/www.ahoiurbanbeach.com\/es\/\",\"name\":\"AHOI! Urban Beach - Palma de Mallorca\",\"isPartOf\":{\"@id\":\"https:\/\/www.ahoiurbanbeach.com\/#website\"},\"datePublished\":\"2017-09-02T06:53:00+00:00\",\"dateModified\":\"2024-07-28T14:17:43+00:00\",\"description\":\"AHOI! Urban Beach: tu \u2b50hotel\u2b50 en Mallorca. Situado a tan solo 4 min de Playa de Palma. La calidad te espera >>>\",\"breadcrumb\":{\"@id\":\"https:\/\/www.ahoiurbanbeach.com\/es\/#breadcrumb\"},\"inLanguage\":\"es\",\"potentialAction\":[{\"@type\":\"ReadAction\",\"target\":[\"https:\/\/www.ahoiurbanbeach.com\/es\/\"]}]},{\"@type\":\"BreadcrumbList\",\"@id\":\"https:\/\/www.ahoiurbanbeach.com\/es\/#breadcrumb\",\"itemListElement\":[{\"@type\":\"ListItem\",\"position\":1,\"name\":\"Home\",\"item\":\"https:\/\/www.ahoiurbanbeach.com\/es\/\"},{\"@type\":\"ListItem\",\"position\":2,\"name\":\"AHOI! Urban Beach\"}]},{\"@type\":\"WebSite\",\"@id\":\"https:\/\/www.ahoiurbanbeach.com\/#website\",\"url\":\"https:\/\/www.ahoiurbanbeach.com\/\",\"name\":\"AHOI! Urban Beach, Palma de Mallorca\",\"description\":\"AHOI! Urban Beach, Palma de Mallorca\",\"potentialAction\":[{\"@type\":\"SearchAction\",\"target\":{\"@type\":\"EntryPoint\",\"urlTemplate\":\"https:\/\/www.ahoiurbanbeach.com\/?s={search_term_string}\"},\"query-input\":\"required name=search_term_string\"}],\"inLanguage\":\"es\"}]}<\/script>\n<!-- \/ Yoast SEO plugin. -->","yoast_head_json":{"title":"AHOI! Urban Beach - Palma de Mallorca","description":"AHOI! Urban Beach: tu \u2b50hotel\u2b50 en Mallorca. Situado a tan solo 4 min de Playa de Palma. La calidad te espera >>>","robots":{"index":"index","follow":"follow","max-snippet":"max-snippet:-1","max-image-preview":"max-image-preview:large","max-video-preview":"max-video-preview:-1"},"canonical":"https:\/\/www.ahoiurbanbeach.com\/es\/","og_locale":"es_ES","og_type":"article","og_title":"AHOI! Urban Beach - Palma de Mallorca","og_description":"AHOI! Urban Beach: tu \u2b50hotel\u2b50 en Mallorca. Situado a tan solo 4 min de Playa de Palma. La calidad te espera >>>","og_url":"https:\/\/www.ahoiurbanbeach.com\/es\/","og_site_name":"AHOI! Urban Beach, Palma de Mallorca","article_modified_time":"2024-07-28T14:17:43+00:00","twitter_card":"summary_large_image","twitter_misc":{"Tiempo de lectura":"2 minutos"},"schema":{"@context":"https:\/\/schema.org","@graph":[{"@type":"WebPage","@id":"https:\/\/www.ahoiurbanbeach.com\/es\/","url":"https:\/\/www.ahoiurbanbeach.com\/es\/","name":"AHOI! Urban Beach - Palma de Mallorca","isPartOf":{"@id":"https:\/\/www.ahoiurbanbeach.com\/#website"},"datePublished":"2017-09-02T06:53:00+00:00","dateModified":"2024-07-28T14:17:43+00:00","description":"AHOI! Urban Beach: tu \u2b50hotel\u2b50 en Mallorca. Situado a tan solo 4 min de Playa de Palma. La calidad te espera >>>","breadcrumb":{"@id":"https:\/\/www.ahoiurbanbeach.com\/es\/#breadcrumb"},"inLanguage":"es","potentialAction":[{"@type":"ReadAction","target":["https:\/\/www.ahoiurbanbeach.com\/es\/"]}]},{"@type":"BreadcrumbList","@id":"https:\/\/www.ahoiurbanbeach.com\/es\/#breadcrumb","itemListElement":[{"@type":"ListItem","position":1,"name":"Home","item":"https:\/\/www.ahoiurbanbeach.com\/es\/"},{"@type":"ListItem","position":2,"name":"AHOI! Urban Beach"}]},{"@type":"WebSite","@id":"https:\/\/www.ahoiurbanbeach.com\/#website","url":"https:\/\/www.ahoiurbanbeach.com\/","name":"AHOI! Urban Beach, Palma de Mallorca","description":"AHOI! Urban Beach, Palma de Mallorca","potentialAction":[{"@type":"SearchAction","target":{"@type":"EntryPoint","urlTemplate":"https:\/\/www.ahoiurbanbeach.com\/?s={search_term_string}"},"query-input":"required name=search_term_string"}],"inLanguage":"es"}]}},"_links":{"self":[{"href":"https:\/\/www.ahoiurbanbeach.com\/es\/wp-json\/wp\/v2\/pages\/360"}],"collection":[{"href":"https:\/\/www.ahoiurbanbeach.com\/es\/wp-json\/wp\/v2\/pages"}],"about":[{"href":"https:\/\/www.ahoiurbanbeach.com\/es\/wp-json\/wp\/v2\/types\/page"}],"author":[{"embeddable":true,"href":"https:\/\/www.ahoiurbanbeach.com\/es\/wp-json\/wp\/v2\/users\/1"}],"replies":[{"embeddable":true,"href":"https:\/\/www.ahoiurbanbeach.com\/es\/wp-json\/wp\/v2\/comments?post=360"}],"version-history":[{"count":5,"href":"https:\/\/www.ahoiurbanbeach.com\/es\/wp-json\/wp\/v2\/pages\/360\/revisions"}],"predecessor-version":[{"id":1035,"href":"https:\/\/www.ahoiurbanbeach.com\/es\/wp-json\/wp\/v2\/pages\/360\/revisions\/1035"}],"wp:attachment":[{"href":"https:\/\/www.ahoiurbanbeach.com\/es\/wp-json\/wp\/v2\/media?parent=360"}],"curies":[{"name":"wp","href":"https:\/\/api.w.org\/{rel}","templated":true}]}}